{"id":1868,"date":"2025-12-09T20:21:26","date_gmt":"2025-12-09T19:21:26","guid":{"rendered":"https:\/\/die-reinterpreten.de\/?page_id=1868"},"modified":"2025-12-09T20:24:33","modified_gmt":"2025-12-09T19:24:33","slug":"impressum","status":"publish","type":"page","link":"https:\/\/die-reinterpreten.de\/es\/impressum\/","title":{"rendered":"Aviso legal"},"content":{"rendered":"<div data-elementor-type=\"wp-page\" data-elementor-id=\"1868\" class=\"elementor elementor-1868\" data-elementor-post-type=\"page\">\n\t\t\t\t<div class=\"elementor-element elementor-element-3bafc07 e-flex e-con-boxed e-con e-parent\" data-id=\"3bafc07\" data-element_type=\"container\" data-settings=\"{&quot;wcf_enable_cursor_hover_effect_text&quot;:&quot;View&quot;,&quot;wcf-animation&quot;:&quot;none&quot;,&quot;wcf_enable_horizontal_scroll&quot;:&quot;no&quot;}\">\n\t\t\t\t\t<div class=\"e-con-inner\">\n\t\t<div class=\"elementor-element elementor-element-0a6da39 e-con-full e-flex e-con e-child\" data-id=\"0a6da39\" data-element_type=\"container\" data-settings=\"{&quot;wcf_enable_cursor_hover_effect_text&quot;:&quot;View&quot;,&quot;wcf-animation&quot;:&quot;none&quot;,&quot;wcf_enable_horizontal_scroll&quot;:&quot;no&quot;}\">\n\t\t\t\t<\/div>\n\t\t<div class=\"elementor-element elementor-element-a5a9383 e-con-full e-flex e-con e-child\" data-id=\"a5a9383\" data-element_type=\"container\" data-settings=\"{&quot;wcf_enable_cursor_hover_effect_text&quot;:&quot;View&quot;,&quot;wcf-animation&quot;:&quot;none&quot;,&quot;wcf_enable_horizontal_scroll&quot;:&quot;no&quot;}\">\n\t\t\t\t<div class=\"elementor-element elementor-element-e09eb90 elementor-widget elementor-widget-text-editor\" data-id=\"e09eb90\" data-element_type=\"widget\" data-settings=\"{&quot;wcf-animation&quot;:&quot;none&quot;}\" data-widget_type=\"text-editor.default\">\n\t\t\t\t<div class=\"elementor-widget-container\">\n\t\t\t\t\t\t\t\t\t<h1>Aviso legal<\/h1> \n<p>Informaci\u00f3n seg\u00fan el art\u00edculo 5 de la Ley alemana sobre productos alimenticios (DDG)<\/p> \n<p>Los reinterpretadores Kids<br> \nLos reinterpretadores<br> \nAltheimstr 3<br> \n60431 FR\u00c1NCFORT DEL MENO <br> \n<\/p> \n<p> <strong>Representado por: <\/strong><br>\nDaniel van der Linden-W\u00f6ller<br>\n<\/p> \n<p><strong>Contacto:<\/strong> <br>\nTel\u00e9fono: 0163-3933333<br>\nFax: 030-30806320<br>\nCorreo electr\u00f3nico: <a>reinterpreten@gmail.com<\/a><\/br><\/p> \n<p><strong>N\u00famero de identificaci\u00f3n fiscal: <\/strong> <br>\nN\u00famero de identificaci\u00f3n fiscal seg\u00fan el art\u00edculo 27a de la Ley del Impuesto sobre el Valor A\u00f1adido: 45682377903<br><br>\n<strong>Identificaci\u00f3n fiscal: <\/strong><br>\n<br>\n<\/p> \n<p><strong>Resoluci\u00f3n de litigios de consumo \/ \u00d3rgano universal de conciliaci\u00f3n<\/strong>\n<br>No participamos en procedimientos de resoluci\u00f3n de litigios ante un organismo de conciliaci\u00f3n de consumidores y tampoco estamos obligados a hacerlo.\n<\/p> \n<p><strong>Pol\u00edtica de privacidad<\/strong><br>\nEn el siguiente enlace encontrar\u00e1 nuestra <a href=\"https:\/\/die-reinterpreten.de\/es\/datenschutz\/\" target=\"_blank\">Pol\u00edtica de privacidad<\/a>.\n<\/p> \n<a href=\"https:\/\/www.kanzlei-hasselbach.de\/\" rel=\"dofollow\">Bufete Hasselbach<\/a>.\t\t\t\t\t\t\t\t<\/div>\n\t\t\t\t<\/div>\n\t\t\t\t<\/div>\n\t\t\t\t\t<\/div>\n\t\t\t\t<\/div>\n\t\t\t\t<\/div>","protected":false},"excerpt":{"rendered":"<p>Impressum Angaben gem\u00e4\u00df \u00a7 5 DDG Die Reinterpreten Kids Die Reinterpreten Altheimstr 3 60431 FRANKFURT AM MAIN Vertreten durch: Daniel [&hellip;]<\/p>","protected":false},"author":1,"featured_media":0,"parent":0,"menu_order":0,"comment_status":"closed","ping_status":"closed","template":"","meta":{"site-sidebar-layout":"no-sidebar","site-content-layout":"","ast-site-content-layout":"full-width-container","site-content-style":"default","site-sidebar-style":"default","ast-global-header-display":"","ast-banner-title-visibility":"","ast-main-header-display":"","ast-hfb-above-header-display":"","ast-hfb-below-header-display":"","ast-hfb-mobile-header-display":"","site-post-title":"disabled","ast-breadcrumbs-content":"","ast-featured-img":"disabled","footer-sml-layout":"","theme-transparent-header-meta":"","adv-header-id-meta":"","stick-header-meta":"","header-above-stick-meta":"","header-main-stick-meta":"","header-below-stick-meta":"","astra-migrate-meta-layouts":"default","ast-page-background-enabled":"default","ast-page-background-meta":{"desktop":{"background-color":"var(--ast-global-color-5)","background-image":"","background-repeat":"repeat","background-position":"center center","background-size":"auto","background-attachment":"scroll","background-type":"","background-media":"","overlay-type":"","overlay-color":"","overlay-opacity":"","overlay-gradient":""},"tablet":{"background-color":"","background-image":"","background-repeat":"repeat","background-position":"center center","background-size":"auto","background-attachment":"scroll","background-type":"","background-media":"","overlay-type":"","overlay-color":"","overlay-opacity":"","overlay-gradient":""},"mobile":{"background-color":"","background-image":"","background-repeat":"repeat","background-position":"center center","background-size":"auto","background-attachment":"scroll","background-type":"","background-media":"","overlay-type":"","overlay-color":"","overlay-opacity":"","overlay-gradient":""}},"ast-content-background-meta":{"desktop":{"background-color":"var(--ast-global-color-4)","background-image":"","background-repeat":"repeat","background-position":"center center","background-size":"auto","background-attachment":"scroll","background-type":"","background-media":"","overlay-type":"","overlay-color":"","overlay-opacity":"","overlay-gradient":""},"tablet":{"background-color":"var(--ast-global-color-4)","background-image":"","background-repeat":"repeat","background-position":"center center","background-size":"auto","background-attachment":"scroll","background-type":"","background-media":"","overlay-type":"","overlay-color":"","overlay-opacity":"","overlay-gradient":""},"mobile":{"background-color":"var(--ast-global-color-4)","background-image":"","background-repeat":"repeat","background-position":"center center","background-size":"auto","background-attachment":"scroll","background-type":"","background-media":"","overlay-type":"","overlay-color":"","overlay-opacity":"","overlay-gradient":""}},"footnotes":""},"class_list":["post-1868","page","type-page","status-publish","hentry"],"_links":{"self":[{"href":"https:\/\/die-reinterpreten.de\/es\/wp-json\/wp\/v2\/pages\/1868","targetHints":{"allow":["GET"]}}],"collection":[{"href":"https:\/\/die-reinterpreten.de\/es\/wp-json\/wp\/v2\/pages"}],"about":[{"href":"https:\/\/die-reinterpreten.de\/es\/wp-json\/wp\/v2\/types\/page"}],"author":[{"embeddable":true,"href":"https:\/\/die-reinterpreten.de\/es\/wp-json\/wp\/v2\/users\/1"}],"replies":[{"embeddable":true,"href":"https:\/\/die-reinterpreten.de\/es\/wp-json\/wp\/v2\/comments?post=1868"}],"version-history":[{"count":4,"href":"https:\/\/die-reinterpreten.de\/es\/wp-json\/wp\/v2\/pages\/1868\/revisions"}],"predecessor-version":[{"id":1872,"href":"https:\/\/die-reinterpreten.de\/es\/wp-json\/wp\/v2\/pages\/1868\/revisions\/1872"}],"wp:attachment":[{"href":"https:\/\/die-reinterpreten.de\/es\/wp-json\/wp\/v2\/media?parent=1868"}],"curies":[{"name":"wp","href":"https:\/\/api.w.org\/{rel}","templated":true}]}}